{"id":13924,"date":"2022-11-19T11:55:26","date_gmt":"2022-11-19T17:55:26","guid":{"rendered":"https:\/\/gobernacionaltaverapaz.gob.gt\/?page_id=13924"},"modified":"2023-05-16T15:57:08","modified_gmt":"2023-05-16T21:57:08","slug":"autorizacin-aviso-de-actividades-en-la-pblica","status":"publish","type":"page","link":"https:\/\/gobernacionaltaverapaz.gob.gt\/?page_id=13924","title":{"rendered":"Autorizaci\u00f3n o Aviso de Actividades en la Via P\u00fablica"},"content":{"rendered":"<p>&nbsp;<\/p>\n<h3><strong>DESCRIPCION DEL TRAMITE<\/strong><\/h3>\n<p>Tr\u00e1mite en l\u00ednea para la Autorizaci\u00f3n o Aviso de Actividades en la Via P\u00fablica en el Departartamento de Alta Verapaz<\/p>\n<h3><strong>PASOS PARA REALIZAR EL TRAMITE<\/strong><\/h3>\n<p>PASO 1. Descargar el formulario del tr\u00e1mite en el siguiente link: <a href=\"https:\/\/gobernacionaltaverapaz.gob.gt\/formularios\/formulario-denuncia-derecho-via.pdf\" target=\"_blank\" rel=\"noopener\">Descargar Formulario<\/a><\/p>\n<p>PASO 2. Imprimir y rellenar el formulario con los datos solicitados.<\/p>\n<p>PASO 3. Crear un expediente que incluya los documentos indicados en el formulario. El expediente deber\u00e1 presentarse foliado. No se admitir\u00e1n expedientes incompletos.<\/p>\n<p>PASO 4. Escanear el formulario y los documentos que conforman el expediente, de preferencia en un s\u00f3lo archivo en formato pdf o zip.<\/p>\n<p>PASO 5. Hacer clic en el link \u00ab Iniciar Tr\u00e1mite \u00bb . Se le pedir\u00e1 ingresar sus datos generales, correo electr\u00f3nico, tel\u00e9fono y adjuntar el archivo con los documentos solicitados en el pasos 4.<\/p>\n<p>PASO 6. Luego de ingresar los datos solicitados y adjuntar los documentos requeridos, hacer clic en el bot\u00f3n \u00ab Enviar Solicitud \u00bb.<\/p>\n<p>PASO 7. A continuaci\u00f3n, se le estar\u00e1 enviando una notificaci\u00f3n de acuse de recibido incluyendo el c\u00f3digo asignado a su tr\u00e1mite y el link para seguimiento del proceso .<\/p>\n<p>NOTA: En caso de expedientes incompletos o se necesite alguna aclaraci\u00f3n, se le estar\u00e1 comunicando a trav\u00e9s del correo electr\u00f3nico proporcionado.<\/p>\n<p>&nbsp;<\/p>\n<h3>REQUISITOS:<\/h3>\n<p>Para Personas Jur\u00eddicas:<\/p>\n<p>1. Copia legalizada del acta de la escritura constitutiva, debidamente inscrita en el Registro correspondiente.<br \/>\n2. Copia legalizada del nombramiento del representante legal de la entidad solicitante.<br \/>\n3. Copia legalizada del documento personal de identificaci\u00f3n DPI de quien comparece.<br \/>\n4. Fotocopia de la patente de comercio de sociedad, y patente de comercio de empresa, o de la constancia de inscripci\u00f3n en el registro respectivo.<br \/>\n5. Fotocopia de la constancia de RTU.<\/p>\n<p>Para Personas Individuales:<\/p>\n<p>1. Fotocopia autenticada del Documento Personal de Identificaci\u00f3n DPI.<br \/>\n2. Fotocopia autenticada de patente de empresa.<br \/>\n3. Fotocopia de la Constancia de RTU.<\/p>\n<h3>COSTO<\/h3>\n<p>Q.0.00<\/p>\n<h3>TIEMPO DE RESPUESTA<\/h3>\n<p>15 d\u00edas<\/p>\n<h3>TIPO DE DOCUMENTO<\/h3>\n<p>Constancia de Autorizaci\u00f3n<\/p>\n<h3>BASE LEGAL<\/h3>\n<p>Art\u00edculos 28 y 33 de la Constituci\u00f3n Pol\u00edtica de la Rep\u00fablica<\/p>\n<p style=\"text-align: center;\"><a href=\"https:\/\/tramites.gobernacionaltaverapaz.gob.gt\/index.php?a=add&amp;category=2\" target=\"_blank\" rel=\"noopener\"><img decoding=\"async\" loading=\"lazy\" class=\"alignnone wp-image-14956 size-full\" src=\"https:\/\/gobernacionaltaverapaz.gob.gt\/wp-content\/uploads\/2023\/05\/boton-iniciar-tramite-02.png\" alt=\"\" width=\"240\" height=\"60\" \/><\/a><\/p>\n<p>&nbsp;<\/p>\n","protected":false},"excerpt":{"rendered":"<p>&nbsp; DESCRIPCION DEL TRAMITE Tr\u00e1mite en l\u00ednea para la Autorizaci\u00f3n o Aviso de Actividades en la Via P\u00fablica en el Departartamento de Alta Verapaz PASOS PARA REALIZAR EL TRAMITE PASO 1. Descargar el formulario del tr\u00e1mite en el siguiente link: Descargar Formulario PASO 2. Imprimir y rellenar el formulario con los datos solicitados. PASO 3. [&hellip;]<\/p>\n","protected":false},"author":1,"featured_media":0,"parent":0,"menu_order":0,"comment_status":"closed","ping_status":"closed","template":"","meta":[],"_links":{"self":[{"href":"https:\/\/gobernacionaltaverapaz.gob.gt\/index.php?rest_route=\/wp\/v2\/pages\/13924"}],"collection":[{"href":"https:\/\/gobernacionaltaverapaz.gob.gt\/index.php?rest_route=\/wp\/v2\/pages"}],"about":[{"href":"https:\/\/gobernacionaltaverapaz.gob.gt\/index.php?rest_route=\/wp\/v2\/types\/page"}],"author":[{"embeddable":true,"href":"https:\/\/gobernacionaltaverapaz.gob.gt\/index.php?rest_route=\/wp\/v2\/users\/1"}],"replies":[{"embeddable":true,"href":"https:\/\/gobernacionaltaverapaz.gob.gt\/index.php?rest_route=%2Fwp%2Fv2%2Fcomments&post=13924"}],"version-history":[{"count":4,"href":"https:\/\/gobernacionaltaverapaz.gob.gt\/index.php?rest_route=\/wp\/v2\/pages\/13924\/revisions"}],"predecessor-version":[{"id":14960,"href":"https:\/\/gobernacionaltaverapaz.gob.gt\/index.php?rest_route=\/wp\/v2\/pages\/13924\/revisions\/14960"}],"wp:attachment":[{"href":"https:\/\/gobernacionaltaverapaz.gob.gt\/index.php?rest_route=%2Fwp%2Fv2%2Fmedia&parent=13924"}],"curies":[{"name":"wp","href":"https:\/\/api.w.org\/{rel}","templated":true}]}}