{"id":18959,"date":"2024-08-04T23:47:51","date_gmt":"2024-08-05T05:47:51","guid":{"rendered":"https:\/\/gobernacionaltaverapaz.gob.gt\/?page_id=18959"},"modified":"2024-08-04T23:55:33","modified_gmt":"2024-08-05T05:55:33","slug":"instrucciones","status":"publish","type":"page","link":"https:\/\/gobernacionaltaverapaz.gob.gt\/?page_id=18959","title":{"rendered":"Instrucciones"},"content":{"rendered":"<p style=\"text-align: justify;\">Para realizar cualquier tr\u00e1mite en l\u00ednea, seguir los siguientes pasos:<\/p>\n<ol>\n<li style=\"text-align: justify;\">Seleccionar la opci\u00f3n <strong>Descargar Formularios<\/strong> en el men\u00fa y a continuaci\u00f3n descargar el formulario del tr\u00e1mite que necesite realizar.<\/li>\n<li style=\"text-align: justify;\">Imprimir y rellenar el formulario con los datos solicitados.<\/li>\n<li style=\"text-align: justify;\">Crear un expediente que incluya los documentos indicados en el formulario. El expediente deber\u00e1 presentarse foliado. No se admitir\u00e1n expedientes incompletos.<\/li>\n<li style=\"text-align: justify;\">Escanear el formulario y los documentos que conforman el expediente, de preferencia en un s\u00f3lo archivo en formato pdf o zip.<\/li>\n<li style=\"text-align: justify;\">Seleccionar la opci\u00f3n <strong>Iniciar<\/strong> <strong>Nuevo Tr\u00e1mite<\/strong> en el men\u00fa y seguidamente seleccionar el tr\u00e1mite a realizar. Se le pedir\u00e1 ingresar sus datos generales, correo electr\u00f3nico, tel\u00e9fono y adjuntar el archivo con los documentos solicitados en el pasos 1.<\/li>\n<li style=\"text-align: justify;\">Luego de ingresar los datos solicitados y adjuntar los documentos requeridos, hacer clic en el bot\u00f3n \u00ab Enviar Solicitud \u00bb.<\/li>\n<li style=\"text-align: justify;\">A continuaci\u00f3n, se le estar\u00e1 enviando una notificaci\u00f3n de acuse de recibido incluyendo el c\u00f3digo asignado a su tr\u00e1mite y el link para seguimiento del proceso.<\/li>\n<\/ol>\n<p style=\"text-align: justify;\">NOTA: En caso de expedientes incompletos o se necesite alguna aclaraci\u00f3n, se le estar\u00e1 comunicando a trav\u00e9s del correo electr\u00f3nico proporcionado.<\/p>\n","protected":false},"excerpt":{"rendered":"<p>Para realizar cualquier tr\u00e1mite en l\u00ednea, seguir los siguientes pasos: Seleccionar la opci\u00f3n Descargar Formularios en el men\u00fa y a continuaci\u00f3n descargar el formulario del tr\u00e1mite que necesite realizar. Imprimir y rellenar el formulario con los datos solicitados. Crear un expediente que incluya los documentos indicados en el formulario. El expediente deber\u00e1 presentarse foliado. No [&hellip;]<\/p>\n","protected":false},"author":1,"featured_media":0,"parent":0,"menu_order":0,"comment_status":"closed","ping_status":"closed","template":"","meta":[],"_links":{"self":[{"href":"https:\/\/gobernacionaltaverapaz.gob.gt\/index.php?rest_route=\/wp\/v2\/pages\/18959"}],"collection":[{"href":"https:\/\/gobernacionaltaverapaz.gob.gt\/index.php?rest_route=\/wp\/v2\/pages"}],"about":[{"href":"https:\/\/gobernacionaltaverapaz.gob.gt\/index.php?rest_route=\/wp\/v2\/types\/page"}],"author":[{"embeddable":true,"href":"https:\/\/gobernacionaltaverapaz.gob.gt\/index.php?rest_route=\/wp\/v2\/users\/1"}],"replies":[{"embeddable":true,"href":"https:\/\/gobernacionaltaverapaz.gob.gt\/index.php?rest_route=%2Fwp%2Fv2%2Fcomments&post=18959"}],"version-history":[{"count":5,"href":"https:\/\/gobernacionaltaverapaz.gob.gt\/index.php?rest_route=\/wp\/v2\/pages\/18959\/revisions"}],"predecessor-version":[{"id":18966,"href":"https:\/\/gobernacionaltaverapaz.gob.gt\/index.php?rest_route=\/wp\/v2\/pages\/18959\/revisions\/18966"}],"wp:attachment":[{"href":"https:\/\/gobernacionaltaverapaz.gob.gt\/index.php?rest_route=%2Fwp%2Fv2%2Fmedia&parent=18959"}],"curies":[{"name":"wp","href":"https:\/\/api.w.org\/{rel}","templated":true}]}}