{"id":21166,"date":"2024-12-26T12:21:01","date_gmt":"2024-12-26T18:21:01","guid":{"rendered":"https:\/\/gobernacionaltaverapaz.gob.gt\/?page_id=21166"},"modified":"2024-12-27T08:42:16","modified_gmt":"2024-12-27T14:42:16","slug":"21166-2","status":"publish","type":"page","link":"https:\/\/gobernacionaltaverapaz.gob.gt\/?page_id=21166","title":{"rendered":""},"content":{"rendered":"<h2 style=\"text-align: center;\"><span style=\"color: #4993cc;\">Licenciada<\/span><\/h2>\n<h1 style=\"text-align: center;\"><span style=\"color: #4993cc;\"><span style=\"color: #192854;\">Dilia Margarita C\u00f3 Coy<\/span><br \/>\n<\/span><\/h1>\n<h2 style=\"text-align: center;\"><span style=\"color: #4993cc;\">Gobernadora Departamental de Alta Verapaz<\/span><\/h2>\n<p>&nbsp;<\/p>\n<p>El 29 de abril de 2024 asume como Gobernadora Departamental de Alta Verapaz Dilia Margarita C\u00f3 Coy, nombrada por el Presidente Constitucional de la Rep\u00fablica de Guatemala C\u00e9sar Bernardo Ar\u00e9valo De Le\u00f3n, luego de un proceso que tuvo sus complejidades y particularidades, el Presidente hizo una selecci\u00f3n por capacidades entre los 91 aspirantes en el proceso.<\/p>\n<p>&nbsp;<\/p>\n<p><img decoding=\"async\" loading=\"lazy\" class=\"aligncenter wp-image-21164 size-large\" src=\"https:\/\/gobernacionaltaverapaz.gob.gt\/wp-content\/uploads\/2024\/12\/Gobernadora-Departamental-de-Alta-Verapaz-2024-2028-Dilia-Margarita-Co-Coy-791x1024.png\" alt=\"\" width=\"740\" height=\"958\" srcset=\"https:\/\/gobernacionaltaverapaz.gob.gt\/wp-content\/uploads\/2024\/12\/Gobernadora-Departamental-de-Alta-Verapaz-2024-2028-Dilia-Margarita-Co-Coy-791x1024.png 791w, https:\/\/gobernacionaltaverapaz.gob.gt\/wp-content\/uploads\/2024\/12\/Gobernadora-Departamental-de-Alta-Verapaz-2024-2028-Dilia-Margarita-Co-Coy-232x300.png 232w, https:\/\/gobernacionaltaverapaz.gob.gt\/wp-content\/uploads\/2024\/12\/Gobernadora-Departamental-de-Alta-Verapaz-2024-2028-Dilia-Margarita-Co-Coy-768x994.png 768w, https:\/\/gobernacionaltaverapaz.gob.gt\/wp-content\/uploads\/2024\/12\/Gobernadora-Departamental-de-Alta-Verapaz-2024-2028-Dilia-Margarita-Co-Coy.png 816w\" sizes=\"(max-width: 740px) 100vw, 740px\" \/><\/p>\n<p>&nbsp;<\/p>\n<p>Dilia Margarita C\u00f3 Coy es una destacada profesional guatemalteca, Licenciada en Trabajo Social con \u00e9nfasis en Gerencia para el Desarrollo y con cierre de pensum en la Maestr\u00eda en Ciencias del Desarrollo Rural. Tambi\u00e9n cuenta con una Especialidad en Finanzas y Negocios por el Instituto Centroamericano de Administraci\u00f3n de Empresas (INCAE) Business School, demostrando su compromiso con la educaci\u00f3n continua y el fortalecimiento de sus competencias profesionales.<\/p>\n<p>Con m\u00e1s de 20 a\u00f1os de experiencia en el dise\u00f1o, planificaci\u00f3n y ejecuci\u00f3n de proyectos de impacto social, su trayectoria est\u00e1 marcada por un profundo enfoque en el desarrollo comunitario, la equidad de g\u00e9nero y la interculturalidad.<\/p>\n<p>Ha trabajado estrechamente con organizaciones de cooperaci\u00f3n internacional, gobiernos locales y nacionales, as\u00ed como con comunidades ind\u00edgenas, especialmente en Alta Verapaz, Maya hablante Poqomchi\u2019 adem\u00e1s de dominar el Q\u2019eqchi\u2019 y el espa\u00f1ol tambi\u00e9n se comunica en Achi\u2019 y en ingl\u00e9s.<\/p>\n<p>En su gesti\u00f3n destaca su liderazgo en la formulaci\u00f3n y aprobaci\u00f3n de pol\u00edticas p\u00fablicas inclusivas, como la Pol\u00edtica P\u00fablica Departamental con Equidad de G\u00e9nero e Inclusi\u00f3n de las Mujeres, y su contribuci\u00f3n al desarrollo de estrategias para abordar problem\u00e1ticas sociales como la conflictividad y la violencia basada en g\u00e9nero. Tambi\u00e9n ha desempe\u00f1ado roles clave en proyectos orientados a la seguridad alimentaria, la educaci\u00f3n, el desarrollo econ\u00f3mico y la prevenci\u00f3n de la violencia.<\/p>\n<p>Como Gobernadora Departamental, su visi\u00f3n t\u00e9cnica y estrat\u00e9gica se centra en la promoci\u00f3n del desarrollo integral de Alta Verapaz, trabajando de manera articulada con las autoridades locales (Alcaldes Municipales), con instituciones locales e internacionales.<\/p>\n<p>Su capacidad para coordinar equipos multidisciplinarios y gestionar recursos ha sido fundamental para implementar iniciativas que mejoran la calidad de vida de las comunidades m\u00e1s vulnerables del departamento.<\/p>\n<p>Es reconocida a nivel nacional e internacional por su aporte al empoderamiento de mujeres y juventudes ind\u00edgenas, as\u00ed como por su participaci\u00f3n activa en foros y seminarios relacionados con el desarrollo sostenible y los derechos humanos. Su trabajo ha sido galardonado en m\u00faltiples ocasiones, destacando su compromiso con la justicia social y la transformaci\u00f3n de su comunidad.<\/p>\n<p>Su gesti\u00f3n desde la Gobernaci\u00f3n Departamental de Alta Verapaz y en su calidad de presidente del Consejo Departamental de Desarrollo de Alta Verapaz, se ha orientado hacia 6 de los 10 ejes de la Pol\u00edtica General de Gobierno 2024-2028 siendo estos: Lucha contra la Desnutrici\u00f3n y Malnutrici\u00f3n, Desarrollo Social, La Infraestructura Econ\u00f3mica para el Buen Vivir, Seguridad Democr\u00e1tica en un pa\u00eds para Vivir, Cuidado de la Naturaleza y Protecci\u00f3n, Asistencia y Seguridad Social.<\/p>\n<p>&nbsp;<\/p>\n<p style=\"text-align: center;\"><strong><a href=\"https:\/\/gobernacionaltaverapaz.gob.gt\/?page_id=21136\">&lt;&lt; Regresar a Alta Verapaz<\/a><\/strong><\/p>\n<p>&nbsp;<\/p>\n<p>&nbsp;<\/p>\n<p>&nbsp;<\/p>\n<p>&nbsp;<\/p>\n","protected":false},"excerpt":{"rendered":"<p>Licenciada Dilia Margarita C\u00f3 Coy Gobernadora Departamental de Alta Verapaz &nbsp; El 29 de abril de 2024 asume como Gobernadora Departamental de Alta Verapaz Dilia Margarita C\u00f3 Coy, nombrada por el Presidente Constitucional de la Rep\u00fablica de Guatemala C\u00e9sar Bernardo Ar\u00e9valo De Le\u00f3n, luego de un proceso que tuvo sus complejidades y particularidades, el Presidente [&hellip;]<\/p>\n","protected":false},"author":3,"featured_media":0,"parent":0,"menu_order":0,"comment_status":"closed","ping_status":"closed","template":"page-fullwidth.php","meta":[],"_links":{"self":[{"href":"https:\/\/gobernacionaltaverapaz.gob.gt\/index.php?rest_route=\/wp\/v2\/pages\/21166"}],"collection":[{"href":"https:\/\/gobernacionaltaverapaz.gob.gt\/index.php?rest_route=\/wp\/v2\/pages"}],"about":[{"href":"https:\/\/gobernacionaltaverapaz.gob.gt\/index.php?rest_route=\/wp\/v2\/types\/page"}],"author":[{"embeddable":true,"href":"https:\/\/gobernacionaltaverapaz.gob.gt\/index.php?rest_route=\/wp\/v2\/users\/3"}],"replies":[{"embeddable":true,"href":"https:\/\/gobernacionaltaverapaz.gob.gt\/index.php?rest_route=%2Fwp%2Fv2%2Fcomments&post=21166"}],"version-history":[{"count":5,"href":"https:\/\/gobernacionaltaverapaz.gob.gt\/index.php?rest_route=\/wp\/v2\/pages\/21166\/revisions"}],"predecessor-version":[{"id":21176,"href":"https:\/\/gobernacionaltaverapaz.gob.gt\/index.php?rest_route=\/wp\/v2\/pages\/21166\/revisions\/21176"}],"wp:attachment":[{"href":"https:\/\/gobernacionaltaverapaz.gob.gt\/index.php?rest_route=%2Fwp%2Fv2%2Fmedia&parent=21166"}],"curies":[{"name":"wp","href":"https:\/\/api.w.org\/{rel}","templated":true}]}}