{"id":24242,"date":"2026-01-13T16:41:58","date_gmt":"2026-01-13T22:41:58","guid":{"rendered":"https:\/\/gobernacionaltaverapaz.gob.gt\/?page_id=24242"},"modified":"2026-01-29T14:45:14","modified_gmt":"2026-01-29T20:45:14","slug":"denuncias-a-la-gobernacion-2","status":"publish","type":"page","link":"https:\/\/gobernacionaltaverapaz.gob.gt\/?page_id=24242","title":{"rendered":"Canales denuncia irregularidades administrativas en Gobernaci\u00f3n AV"},"content":{"rendered":"<p><strong>\u00bfQu\u00e9 es la denuncia administrativa de irregularidades?<\/strong><\/p>\n<p>Seg\u00fan el <strong>Acuerdo Interno N\u00famero 001-2025<\/strong>, es un componente del <strong>Sistema de Integridad<\/strong> implementado en la Gobernaci\u00f3n, el cual incluye:<\/p>\n<p>\u201c&#8230;los canales institucionales de denuncia administrativa de irregularidades y los procedimientos de actuaci\u00f3n y seguimiento\u201d<\/p>\n<p><strong>\u00bfPara qu\u00e9 sirve la denuncia administrativa de irregularidades?<\/strong><\/p>\n<p>La denuncia administrativa de irregularidades tiene como finalidades esenciales:<\/p>\n<ol>\n<li><strong>Detectar y documentar<\/strong> conductas irregulares o contrarias a los principios \u00e9ticos, normativas legales y procedimientos administrativos.<\/li>\n<li><strong>Activar procedimientos de investigaci\u00f3n<\/strong> a trav\u00e9s del Encargado de Asuntos de Probidad, quien est\u00e1 facultado para realizar averiguaciones, requerir informaci\u00f3n y solicitar colaboraci\u00f3n de las distintas unidades administrativas.<\/li>\n<li><strong>Fomentar un entorno seguro y confiable<\/strong>, que permita a las personas denunciar sin temor a represalias, en cumplimiento de una pol\u00edtica institucional de integridad, transparencia y rendici\u00f3n de cuentas.<\/li>\n<li><strong>Sancionar y prevenir<\/strong> futuras irregularidades mediante el seguimiento, archivo justificado o remisi\u00f3n a autoridades competentes si procede un proceso disciplinario<\/li>\n<\/ol>\n<p><a href=\"https:\/\/forms.gle\/8UGXu71ds1jZrVHz8\"><img decoding=\"async\" loading=\"lazy\" class=\"alignnone wp-image-24492 size-full\" src=\"https:\/\/gobernacionaltaverapaz.gob.gt\/wp-content\/uploads\/2026\/01\/Botones-Pagina-de-Gobernacion-1.png\" alt=\"\" width=\"1890\" height=\"600\" srcset=\"https:\/\/gobernacionaltaverapaz.gob.gt\/wp-content\/uploads\/2026\/01\/Botones-Pagina-de-Gobernacion-1.png 1890w, https:\/\/gobernacionaltaverapaz.gob.gt\/wp-content\/uploads\/2026\/01\/Botones-Pagina-de-Gobernacion-1-300x95.png 300w, https:\/\/gobernacionaltaverapaz.gob.gt\/wp-content\/uploads\/2026\/01\/Botones-Pagina-de-Gobernacion-1-1024x325.png 1024w, https:\/\/gobernacionaltaverapaz.gob.gt\/wp-content\/uploads\/2026\/01\/Botones-Pagina-de-Gobernacion-1-768x244.png 768w, https:\/\/gobernacionaltaverapaz.gob.gt\/wp-content\/uploads\/2026\/01\/Botones-Pagina-de-Gobernacion-1-1536x488.png 1536w\" sizes=\"(max-width: 1890px) 100vw, 1890px\" \/><\/a><a href=\"https:\/\/forms.gle\/MT5X47HouS9BTBjF9\"><img decoding=\"async\" loading=\"lazy\" class=\"alignnone wp-image-24494 size-full\" src=\"https:\/\/gobernacionaltaverapaz.gob.gt\/wp-content\/uploads\/2026\/01\/Botones-Pagina-de-Gobernacion-2.png\" alt=\"\" width=\"1890\" height=\"600\" srcset=\"https:\/\/gobernacionaltaverapaz.gob.gt\/wp-content\/uploads\/2026\/01\/Botones-Pagina-de-Gobernacion-2.png 1890w, https:\/\/gobernacionaltaverapaz.gob.gt\/wp-content\/uploads\/2026\/01\/Botones-Pagina-de-Gobernacion-2-300x95.png 300w, https:\/\/gobernacionaltaverapaz.gob.gt\/wp-content\/uploads\/2026\/01\/Botones-Pagina-de-Gobernacion-2-1024x325.png 1024w, https:\/\/gobernacionaltaverapaz.gob.gt\/wp-content\/uploads\/2026\/01\/Botones-Pagina-de-Gobernacion-2-768x244.png 768w, https:\/\/gobernacionaltaverapaz.gob.gt\/wp-content\/uploads\/2026\/01\/Botones-Pagina-de-Gobernacion-2-1536x488.png 1536w\" sizes=\"(max-width: 1890px) 100vw, 1890px\" \/><\/a><a href=\"https:\/\/forms.gle\/ECGw1ucwe7mKr47q9\"><img decoding=\"async\" loading=\"lazy\" class=\"alignnone wp-image-24493 size-full\" src=\"https:\/\/gobernacionaltaverapaz.gob.gt\/wp-content\/uploads\/2026\/01\/Botones-Pagina-de-Gobernacion-3.png\" alt=\"\" width=\"1890\" height=\"600\" srcset=\"https:\/\/gobernacionaltaverapaz.gob.gt\/wp-content\/uploads\/2026\/01\/Botones-Pagina-de-Gobernacion-3.png 1890w, https:\/\/gobernacionaltaverapaz.gob.gt\/wp-content\/uploads\/2026\/01\/Botones-Pagina-de-Gobernacion-3-300x95.png 300w, https:\/\/gobernacionaltaverapaz.gob.gt\/wp-content\/uploads\/2026\/01\/Botones-Pagina-de-Gobernacion-3-1024x325.png 1024w, https:\/\/gobernacionaltaverapaz.gob.gt\/wp-content\/uploads\/2026\/01\/Botones-Pagina-de-Gobernacion-3-768x244.png 768w, https:\/\/gobernacionaltaverapaz.gob.gt\/wp-content\/uploads\/2026\/01\/Botones-Pagina-de-Gobernacion-3-1536x488.png 1536w\" sizes=\"(max-width: 1890px) 100vw, 1890px\" \/><\/a><\/p>\n<p>La Gobernaci\u00f3n Departamental de Alta Verapaz a trav\u00e9s del Acuerdo Interno N\u00famero 001-2025 firmado por la gobernadora Dilia Margarita C\u00f3 Coy, acuerda Implementar el <strong>Sistema de Integridad de la Gobernaci\u00f3n Departamental de Alta Verapaz<\/strong>, en seguimiento al Acuerdo Gubernativo N\u00famero 210-2024, que instituye los Sistemas de Integridad en el Organismo Ejecutivo, mediante el cual establece que cada \u00f3rgano que integra el Organismo Ejecutivo implemente su propio sistema de integridad con un enfoque de rendici\u00f3n de cuentas, fortalecimiento institucional y eficiencia a largo plazo, as\u00ed como que se planifiquen sus elementos y se efect\u00faen las acciones y adecuaciones necesarias para su pleno funcionamiento, por lo que, para el eficiente y eficaz cumplimiento de la referida disposici\u00f3n, resulta necesaria la emisi\u00f3n del presente instrumento legal.<\/p>\n<p>Este sistema es un instrumento clave dentro de la pol\u00edtica de integridad institucional que impulsa la Gobernaci\u00f3n de Alta Verapaz conforme al Acuerdo Gubernativo 210-2024 y el C\u00f3digo de \u00c9tica del Organismo Ejecutivo.<\/p>\n<p>Conozca en este enlace el documento completo del Acuerdo:<\/p>\n<p><a href=\"https:\/\/gdav.gob.gt\/wp-content\/uploads\/2025\/07\/Acuerdo-Interno-Numero-001-2025-Implementar-el-Sistema-de-Integridad-de-la-Gobernacion-Departamental-de-Alta-Verapaz.pdf\"><img decoding=\"async\" loading=\"lazy\" class=\"alignnone wp-image-24288 size-full\" title=\"download\" src=\"https:\/\/gobernacionaltaverapaz.gob.gt\/wp-content\/uploads\/2026\/01\/3.png\" alt=\"\" width=\"1890\" height=\"600\" srcset=\"https:\/\/gobernacionaltaverapaz.gob.gt\/wp-content\/uploads\/2026\/01\/3.png 1890w, https:\/\/gobernacionaltaverapaz.gob.gt\/wp-content\/uploads\/2026\/01\/3-300x95.png 300w, https:\/\/gobernacionaltaverapaz.gob.gt\/wp-content\/uploads\/2026\/01\/3-1024x325.png 1024w, https:\/\/gobernacionaltaverapaz.gob.gt\/wp-content\/uploads\/2026\/01\/3-768x244.png 768w, https:\/\/gobernacionaltaverapaz.gob.gt\/wp-content\/uploads\/2026\/01\/3-1536x488.png 1536w\" sizes=\"(max-width: 1890px) 100vw, 1890px\" \/><\/a><\/p>\n<p><a href=\"https:\/\/gobernacionaltaverapaz.gob.gt\/wp-content\/uploads\/2025\/07\/Codigo-de-Etica-Gobernacion-Departamental-de-Alta-Verapaz.pdf\"><img decoding=\"async\" loading=\"lazy\" class=\"alignnone wp-image-24289 size-full\" title=\"download\" src=\"https:\/\/gobernacionaltaverapaz.gob.gt\/wp-content\/uploads\/2026\/01\/4.png\" alt=\"\" width=\"1890\" height=\"600\" srcset=\"https:\/\/gobernacionaltaverapaz.gob.gt\/wp-content\/uploads\/2026\/01\/4.png 1890w, https:\/\/gobernacionaltaverapaz.gob.gt\/wp-content\/uploads\/2026\/01\/4-300x95.png 300w, https:\/\/gobernacionaltaverapaz.gob.gt\/wp-content\/uploads\/2026\/01\/4-1024x325.png 1024w, https:\/\/gobernacionaltaverapaz.gob.gt\/wp-content\/uploads\/2026\/01\/4-768x244.png 768w, https:\/\/gobernacionaltaverapaz.gob.gt\/wp-content\/uploads\/2026\/01\/4-1536x488.png 1536w\" sizes=\"(max-width: 1890px) 100vw, 1890px\" \/><\/a><\/p>\n<p><a href=\"https:\/\/gobernacionaltaverapaz.gob.gt\/wp-content\/uploads\/2025\/07\/Acuerdo-Gubernativo-210-2024-Sistemas-de-Integridad-2.pdf\"><img decoding=\"async\" loading=\"lazy\" class=\"alignnone wp-image-24290 size-full\" title=\"download\" src=\"https:\/\/gobernacionaltaverapaz.gob.gt\/wp-content\/uploads\/2026\/01\/5.png\" alt=\"\" width=\"1890\" height=\"600\" srcset=\"https:\/\/gobernacionaltaverapaz.gob.gt\/wp-content\/uploads\/2026\/01\/5.png 1890w, https:\/\/gobernacionaltaverapaz.gob.gt\/wp-content\/uploads\/2026\/01\/5-300x95.png 300w, https:\/\/gobernacionaltaverapaz.gob.gt\/wp-content\/uploads\/2026\/01\/5-1024x325.png 1024w, https:\/\/gobernacionaltaverapaz.gob.gt\/wp-content\/uploads\/2026\/01\/5-768x244.png 768w, https:\/\/gobernacionaltaverapaz.gob.gt\/wp-content\/uploads\/2026\/01\/5-1536x488.png 1536w\" sizes=\"(max-width: 1890px) 100vw, 1890px\" \/><\/a><\/p>\n","protected":false},"excerpt":{"rendered":"<p>\u00bfQu\u00e9 es la denuncia administrativa de irregularidades? Seg\u00fan el Acuerdo Interno N\u00famero 001-2025, es un componente del Sistema de Integridad implementado en la Gobernaci\u00f3n, el cual incluye: \u201c&#8230;los canales institucionales de denuncia administrativa de irregularidades y los procedimientos de actuaci\u00f3n y seguimiento\u201d \u00bfPara qu\u00e9 sirve la denuncia administrativa de irregularidades? La denuncia administrativa de irregularidades [&hellip;]<\/p>\n","protected":false},"author":3,"featured_media":0,"parent":0,"menu_order":0,"comment_status":"closed","ping_status":"closed","template":"","meta":[],"_links":{"self":[{"href":"https:\/\/gobernacionaltaverapaz.gob.gt\/index.php?rest_route=\/wp\/v2\/pages\/24242"}],"collection":[{"href":"https:\/\/gobernacionaltaverapaz.gob.gt\/index.php?rest_route=\/wp\/v2\/pages"}],"about":[{"href":"https:\/\/gobernacionaltaverapaz.gob.gt\/index.php?rest_route=\/wp\/v2\/types\/page"}],"author":[{"embeddable":true,"href":"https:\/\/gobernacionaltaverapaz.gob.gt\/index.php?rest_route=\/wp\/v2\/users\/3"}],"replies":[{"embeddable":true,"href":"https:\/\/gobernacionaltaverapaz.gob.gt\/index.php?rest_route=%2Fwp%2Fv2%2Fcomments&post=24242"}],"version-history":[{"count":15,"href":"https:\/\/gobernacionaltaverapaz.gob.gt\/index.php?rest_route=\/wp\/v2\/pages\/24242\/revisions"}],"predecessor-version":[{"id":24505,"href":"https:\/\/gobernacionaltaverapaz.gob.gt\/index.php?rest_route=\/wp\/v2\/pages\/24242\/revisions\/24505"}],"wp:attachment":[{"href":"https:\/\/gobernacionaltaverapaz.gob.gt\/index.php?rest_route=%2Fwp%2Fv2%2Fmedia&parent=24242"}],"curies":[{"name":"wp","href":"https:\/\/api.w.org\/{rel}","templated":true}]}}