{"id":2818,"date":"2019-04-05T13:03:01","date_gmt":"2019-04-05T19:03:01","guid":{"rendered":"http:\/\/gobernacionaltaverapaz.gob.gt\/?page_id=2818"},"modified":"2026-01-13T16:58:14","modified_gmt":"2026-01-13T22:58:14","slug":"requisitos-tramites","status":"publish","type":"page","link":"https:\/\/gobernacionaltaverapaz.gob.gt\/?page_id=2818","title":{"rendered":"Requisitos y Tramites"},"content":{"rendered":"<p style=\"text-align: justify;\"><strong>REQUISITOS PARA AUTORIZACION DE RIFAS:<\/strong><\/p>\n<p style=\"text-align: justify;\">Solicitud dirigida al Gobernador o Gobernadora departamental.<br \/>\nIndicar el motivo de la rifa (a beneficio de que instituci\u00f3n o persona particular en su caso)<br \/>\nFecha, hora y lugar donde se efect\u00faa la rifa.<br \/>\nDetallar en solicitud los premios a rifar.<br \/>\nCantidad de n\u00fameros que sacaran a la venta. (Dichas rifas deben presentarse en talonario y con su respectivo codo)<br \/>\nCalor de cada n\u00famero.<\/p>\n<p style=\"text-align: justify;\"><strong>REQUISITOS PARA AUTORIZACION DE PROMOCIONES COMERCIALES:<\/strong><\/p>\n<p style=\"text-align: justify;\">Solicitud dirigida al se\u00f1or gobernador departamental.<br \/>\nNombre de la promoci\u00f3n duraci\u00f3n de la promoci\u00f3n.<br \/>\nProducto involucrado.<br \/>\nCobertura de la promoci\u00f3n.<br \/>\nPlan de funcionamiento.<br \/>\nPremios y costo.<br \/>\nSorteo (fecha, hora y lugar)<br \/>\nPago de p\u00f3liza a favor de gobernaci\u00f3n departamental si el monto de los premios sobrepasan los Q. 20,000.00<\/p>\n<p style=\"text-align: justify;\"><strong>REQUISITOS PARA OBTENER PRIMERA LICENCIA PARA EL FUNCIONAMIENTO DE SALON DE BILLAR:<\/strong><\/p>\n<p style=\"text-align: justify;\">Solicitud dirigida al se\u00f1or gobernador departamental<br \/>\nFotocopia de cedula de vecindad del propietario del negocio o del representante legal, si fuese sociedad an\u00f3nima.<br \/>\nFotocopia del contrato de arrendamiento del local, si el mismo fuera propiedad del interesado, presentar fotocopia de titulo de propiedad.<br \/>\nFotocopia de la factura o contrato de arrendamiento de las mesas de billar a utilizar en el establecimiento.<br \/>\nFotocopia de patente de comercio.<br \/>\nCertificado de habitabilidad.<br \/>\nFotocopia de inscripci\u00f3n (SAT}<br \/>\nFotocopia de licencia sanitaria (en caso el tipo de negocio lo amerite).<br \/>\nFotocopia del aval municipal para el funcionamiento del negocio.<br \/>\nResoluci\u00f3n extendida por el ministerio de Ambiente Y Recursos Naturales, en caso de utilizar aparatos de sonido.<br \/>\nFotocopia de recibo de pago de Arbitrio Municipal.<br \/>\nConstancia de pago de arbitrio municipal.<\/p>\n<p style=\"text-align: justify;\"><strong>REQUISITOS PARA RENOVAR LICENCIA PARA FUNCIONAMIENTO DE SALON DE BILLAR:<\/strong><\/p>\n<p style=\"text-align: justify;\">Solicitud dirigida al se\u00f1or gobernador departamental<br \/>\nFotocopia de recibo de pago de Arbitrio Municipal<\/p>\n<p style=\"text-align: justify;\"><strong>REQUISITOS PARA OBTENER LICENCIA PARA FUNCIONAMIENTO DE SALON DE BILLAR EN CASO DE CAMBIO DE UBICACI\u00d3N DE LOCAL:<\/strong><\/p>\n<p style=\"text-align: justify;\">Solicitud dirigida al se\u00f1or gobernador departamental.<br \/>\nFotocopia del contrato de arrendamiento del local, si el mismo fuera propiedad del interesado, presentar fotocopia de titulo de propiedad.<br \/>\nFotocopia del aval municipal para el funcionamiento del negocio<br \/>\nFotocopia de recibo de pago de Arbitrio Municipal<br \/>\nCertificado de habitabilidad.<\/p>\n<p style=\"text-align: justify;\"><strong>REQUISITOS PARA AUTORIZACION DE BINGO PERMANENTE:<\/strong><\/p>\n<p style=\"text-align: justify;\">Memorial dirigido al gobernador departamental.<\/p>\n<p style=\"text-align: justify;\">Datos personales.<br \/>\nForma de juego.<br \/>\nPrecio de los cartones.<br \/>\nHorario de juego.<br \/>\nPremios.<\/p>\n<p style=\"text-align: justify;\">Fotocopia de cedula de vecindad del propietario del negocio o del representante legal, si fuese sociedad an\u00f3nima.<br \/>\nLicencia sanitaria en caso que lo amerite.<br \/>\nCertificado de habitabilidad<br \/>\nAval municipal para el funcionamiento.<br \/>\nFotocopia del contrato de arrendamiento del local, si el mismo fuera propiedad del interesado, presentar fotocopia autentica de titulo de propiedad.<\/p>\n<p style=\"text-align: justify;\"><strong>REQUISITOS PARA LA CANCELACION DE COMITES CON RECAUDACION DE FONDOS:<\/strong><\/p>\n<p style=\"text-align: justify;\">Copia de certificaci\u00f3n del Acta de constancia de colecta publica.<br \/>\nDevoluci\u00f3n de Libros de Actas, Caja y sello del comit\u00e9.<br \/>\nFormularios Modelo P e \u00edndice de cuentas por si los tuvieran.<br \/>\nSaldo con el que cuente al cierre de comit\u00e9.<br \/>\nSolicitud de cancelaci\u00f3n con la anuencia de todos los directivos.<br \/>\nSe requiere que todos los directivos hagan presencia a este Despacho para firmar el Acta de Cancelaci\u00f3n.<\/p>\n<p style=\"text-align: justify;\"><strong>REQUISITOS PARA LA EXTENSION DE COLECTA PUBLICA COMIT\u00c9S CON RECAUDACION DE FONDOS:<\/strong><\/p>\n<p style=\"text-align: justify;\">Certificaci\u00f3n del Acta de Constituci\u00f3n del Comit\u00e9 original, extendida en la municipalidad respectiva.<br \/>\nFotocopia de C\u00e9dula de vecindad de todos los directivos.<br \/>\nFotocopia del Acta de Asamblea General en el libro respectivo, ya sea de organizaci\u00f3n y\/o re-organizaci\u00f3n del comit\u00e9.<\/p>\n<p style=\"text-align: justify;\">Fotocopia de la certificaci\u00f3n del acta de inscripci\u00f3n ante registro civil de su localidad.<br \/>\nFotocopia de las credenciales del Presidente, Vicepresidente, Secretario y Tesorero.<br \/>\nSi el comit\u00e9 es una organizaci\u00f3n nueva se le solicita una copia de su escritura constitutiva.<br \/>\nSe requiere que todos los directivos hagan presencia a este Despacho para firmar el Acta de Autorizaci\u00f3n.<\/p>\n","protected":false},"excerpt":{"rendered":"<p>REQUISITOS PARA AUTORIZACION DE RIFAS: Solicitud dirigida al Gobernador o Gobernadora departamental. Indicar el motivo de la rifa (a beneficio de que instituci\u00f3n o persona particular en su caso) Fecha, hora y lugar donde se efect\u00faa la rifa. Detallar en solicitud los premios a rifar. Cantidad de n\u00fameros que sacaran a la venta. (Dichas rifas [&hellip;]<\/p>\n","protected":false},"author":1,"featured_media":0,"parent":0,"menu_order":0,"comment_status":"closed","ping_status":"closed","template":"","meta":[],"_links":{"self":[{"href":"https:\/\/gobernacionaltaverapaz.gob.gt\/index.php?rest_route=\/wp\/v2\/pages\/2818"}],"collection":[{"href":"https:\/\/gobernacionaltaverapaz.gob.gt\/index.php?rest_route=\/wp\/v2\/pages"}],"about":[{"href":"https:\/\/gobernacionaltaverapaz.gob.gt\/index.php?rest_route=\/wp\/v2\/types\/page"}],"author":[{"embeddable":true,"href":"https:\/\/gobernacionaltaverapaz.gob.gt\/index.php?rest_route=\/wp\/v2\/users\/1"}],"replies":[{"embeddable":true,"href":"https:\/\/gobernacionaltaverapaz.gob.gt\/index.php?rest_route=%2Fwp%2Fv2%2Fcomments&post=2818"}],"version-history":[{"count":2,"href":"https:\/\/gobernacionaltaverapaz.gob.gt\/index.php?rest_route=\/wp\/v2\/pages\/2818\/revisions"}],"predecessor-version":[{"id":24258,"href":"https:\/\/gobernacionaltaverapaz.gob.gt\/index.php?rest_route=\/wp\/v2\/pages\/2818\/revisions\/24258"}],"wp:attachment":[{"href":"https:\/\/gobernacionaltaverapaz.gob.gt\/index.php?rest_route=%2Fwp%2Fv2%2Fmedia&parent=2818"}],"curies":[{"name":"wp","href":"https:\/\/api.w.org\/{rel}","templated":true}]}}