{"id":5943,"date":"2019-07-05T08:49:52","date_gmt":"2019-07-05T14:49:52","guid":{"rendered":"http:\/\/gobernacionaltaverapaz.gob.gt\/?page_id=5943"},"modified":"2019-07-05T08:49:52","modified_gmt":"2019-07-05T14:49:52","slug":"5943-2","status":"publish","type":"page","link":"https:\/\/gobernacionaltaverapaz.gob.gt\/?page_id=5943","title":{"rendered":""},"content":{"rendered":"<p style=\"text-align: center;\"><strong>Registros de Personas Jur\u00eddicas<\/strong><\/p>\n<p style=\"text-align: justify;\">El Registro de la Personas Jur\u00eddicas REPEJU posee la facultad de inscripci\u00f3n y registro de las personas jur\u00eddicas reguladas, seg\u00fan los art\u00edculos del 438 al 440 del C\u00f3digo Civil y otras leyes.<\/p>\n<p style=\"text-align: center;\"><strong>Rese\u00f1a Hist\u00f3rica &#8211; REPEJU<\/strong><\/p>\n<p style=\"text-align: justify;\">Los Registros Civiles de las municipalidades eran las instancias encargadas de realizar la inscripci\u00f3n y registro de las personas jur\u00eddicas no lucrativas, seg\u00fan lo establece el C\u00f3digo Civil.<\/p>\n<p style=\"text-align: justify;\">Esta situaci\u00f3n cambio luego que el Congreso de la Rep\u00fablica emitiera el Decreto 90- 2005, Ley del Registro Nacional de Personas Jur\u00eddicas (RENAP), de fecha 22 de febrero del 2006.<\/p>\n<p style=\"text-align: justify;\">Este decreto deleg\u00f3 al Ministerio de Gobernaci\u00f3n la facultad de inscripci\u00f3n y registro de las personas jur\u00eddicas reguladas, seg\u00fan los art\u00edculos del 438 al 440 del C\u00f3digo Civil y otras leyes.<\/p>\n<p style=\"text-align: justify;\">Para cumplir con esta norma el Ministerio de Gobernaci\u00f3n emiti\u00f3 dos Acuerdos Ministeriales, el 649-2006 y el 904-2006.<\/p>\n<p style=\"text-align: justify;\">El acuerdo 649-2006 dio vida al Registro de las Personas Jur\u00eddicas (REPEJU), el cual establece los requisitos para inscripci\u00f3n y forma de recepci\u00f3n de los expedientes por medio de las Gobernaciones Departamentales.<\/p>\n<p style=\"text-align: justify;\">Por su parte, el acuerdo 904-2006, se cre\u00f3 el sistema inform\u00e1tico del REPEJU, instrumento para realizar las operaciones que fueren necesarias para cumplir con las atribuciones encomendadas.<\/p>\n<p style=\"text-align: justify;\">Posteriormente, el REPEJU sufre algunas modificaciones con respecto a sus funciones, siendo estos los decretos 31-2006 de fecha 12 de septiembre de 2006 y 01-2007 de fecha 29 de enero de 2007, ambos del Congreso de La Rep\u00fablica.<\/p>\n<p style=\"text-align: justify;\">Estas modificaciones le otorgaron la facultad de formular la reglamentaci\u00f3n interna,\u00a0 emitir el arancel para el cobro de los servicios prestados, mientras que eliminaron la facultad de inscribir las Juntas Escolares, Comit\u00e9s Educativos, Comit\u00e9s Comunitarios de Desarrollo, Comunidades Campesinas, entre otros.<\/p>\n<p style=\"text-align: justify;\">Actualmente, se sigue trabajando para fortalecer esta instancia y para brindar un servicio de calidad a los usuarios.<\/p>\n","protected":false},"excerpt":{"rendered":"<p>Registros de Personas Jur\u00eddicas El Registro de la Personas Jur\u00eddicas REPEJU posee la facultad de inscripci\u00f3n y registro de las personas jur\u00eddicas reguladas, seg\u00fan los art\u00edculos del 438 al 440 del C\u00f3digo Civil y otras leyes. Rese\u00f1a Hist\u00f3rica &#8211; REPEJU Los Registros Civiles de las municipalidades eran las instancias encargadas de realizar la inscripci\u00f3n y [&hellip;]<\/p>\n","protected":false},"author":1,"featured_media":0,"parent":0,"menu_order":0,"comment_status":"closed","ping_status":"closed","template":"","meta":[],"_links":{"self":[{"href":"https:\/\/gobernacionaltaverapaz.gob.gt\/index.php?rest_route=\/wp\/v2\/pages\/5943"}],"collection":[{"href":"https:\/\/gobernacionaltaverapaz.gob.gt\/index.php?rest_route=\/wp\/v2\/pages"}],"about":[{"href":"https:\/\/gobernacionaltaverapaz.gob.gt\/index.php?rest_route=\/wp\/v2\/types\/page"}],"author":[{"embeddable":true,"href":"https:\/\/gobernacionaltaverapaz.gob.gt\/index.php?rest_route=\/wp\/v2\/users\/1"}],"replies":[{"embeddable":true,"href":"https:\/\/gobernacionaltaverapaz.gob.gt\/index.php?rest_route=%2Fwp%2Fv2%2Fcomments&post=5943"}],"version-history":[{"count":1,"href":"https:\/\/gobernacionaltaverapaz.gob.gt\/index.php?rest_route=\/wp\/v2\/pages\/5943\/revisions"}],"predecessor-version":[{"id":5946,"href":"https:\/\/gobernacionaltaverapaz.gob.gt\/index.php?rest_route=\/wp\/v2\/pages\/5943\/revisions\/5946"}],"wp:attachment":[{"href":"https:\/\/gobernacionaltaverapaz.gob.gt\/index.php?rest_route=%2Fwp%2Fv2%2Fmedia&parent=5943"}],"curies":[{"name":"wp","href":"https:\/\/api.w.org\/{rel}","templated":true}]}}